{"id":1277,"date":"2024-09-25T10:14:37","date_gmt":"2024-09-25T13:14:37","guid":{"rendered":"https:\/\/pistasdecarreras.unam.edu.ar\/?page_id=1277"},"modified":"2025-12-18T08:51:35","modified_gmt":"2025-12-18T11:51:35","slug":"fhycs","status":"publish","type":"page","link":"https:\/\/hayfuturo.unam.edu.ar\/index.php\/fhycs\/","title":{"rendered":"FHyCS"},"content":{"rendered":"\n<div class=\"wp-block-group is-layout-grid wp-container-core-group-is-layout-90834c91 wp-block-group-is-layout-grid\"><style> .animation-a4cb6835-d26e-4131-b6dc-6069cc1d9203{transform:translateX(-50px);opacity:0%;}<\/style>\n<div data-scroll data-scroll-id=\"a4cb6835-d26e-4131-b6dc-6069cc1d9203\" class=\"wp-block-group animation-a4cb6835-d26e-4131-b6dc-6069cc1d9203 is-vertical is-layout-flex wp-container-core-group-is-layout-fe9cc265 wp-block-group-is-layout-flex\">\n<figure class=\"wp-block-image aligncenter size-full is-resized\"><a href=\"https:\/\/www.fhycs.unam.edu.ar\/portada\/ingreso-2026-sede-posadas\/\" target=\"_blank\" rel=\"noreferrer noopener\"><img fetchpriority=\"high\" decoding=\"async\" width=\"471\" height=\"211\" src=\"https:\/\/hayfuturo.unam.edu.ar\/wp-content\/uploads\/2024\/11\/Boton-sitio-FHyCS.png\" alt=\"\" class=\"wp-image-2694\" style=\"width:458px;height:auto\" srcset=\"https:\/\/hayfuturo.unam.edu.ar\/wp-content\/uploads\/2024\/11\/Boton-sitio-FHyCS.png 471w, https:\/\/hayfuturo.unam.edu.ar\/wp-content\/uploads\/2024\/11\/Boton-sitio-FHyCS-300x134.png 300w\" sizes=\"(max-width: 471px) 100vw, 471px\" \/><\/a><\/figure>\n<\/div>\n\n\n<style> .animation-dc62de15-4e28-4dbb-8af7-bea136f032b7{transform:translateX(50px);opacity:0%;}<\/style>\n<div data-scroll data-scroll-id=\"dc62de15-4e28-4dbb-8af7-bea136f032b7\" class=\"wp-block-group animation-dc62de15-4e28-4dbb-8af7-bea136f032b7 wp-container-content-5fd69529 is-vertical is-layout-flex wp-container-core-group-is-layout-fe9cc265 wp-block-group-is-layout-flex\">\n<p class=\"\">La <strong>Facultad de Humanidades y Ciencias Sociales <\/strong>(FHyCS) de la Universidad Nacional de Misiones fue creada en 1980, siendo una de las unidades acad\u00e9micas fundadoras de la UNaM. Se destaca por su enfoque en disciplinas vinculadas a las ciencias sociales, humanidades, educaci\u00f3n y la comunicaci\u00f3n. A lo largo de su historia, ha impulsado una fuerte actividad en investigaci\u00f3n y extensi\u00f3n, con un compromiso profundo hacia el an\u00e1lisis de los problemas sociales y culturales de la regi\u00f3n. Su sede principal se encuentra en Posadas, Misiones.<\/p>\n\n\n\n<ul class=\"wp-block-social-links has-visible-labels is-style-logos-only is-layout-flex wp-block-social-links-is-layout-flex\"><li class=\"wp-social-link wp-social-link-instagram  wp-block-social-link\"><a rel=\"noopener nofollow\" target=\"_blank\" href=\"https:\/\/@boletinfhycs\" class=\"wp-block-social-link-anchor\"><svg width=\"24\" height=\"24\" viewBox=\"0 0 24 24\" version=\"1.1\" xmlns=\"http:\/\/www.w3.org\/2000\/svg\" aria-hidden=\"true\" focusable=\"false\"><path d=\"M12,4.622c2.403,0,2.688,0.009,3.637,0.052c0.877,0.04,1.354,0.187,1.671,0.31c0.42,0.163,0.72,0.358,1.035,0.673 c0.315,0.315,0.51,0.615,0.673,1.035c0.123,0.317,0.27,0.794,0.31,1.671c0.043,0.949,0.052,1.234,0.052,3.637 s-0.009,2.688-0.052,3.637c-0.04,0.877-0.187,1.354-0.31,1.671c-0.163,0.42-0.358,0.72-0.673,1.035 c-0.315,0.315-0.615,0.51-1.035,0.673c-0.317,0.123-0.794,0.27-1.671,0.31c-0.949,0.043-1.233,0.052-3.637,0.052 s-2.688-0.009-3.637-0.052c-0.877-0.04-1.354-0.187-1.671-0.31c-0.42-0.163-0.72-0.358-1.035-0.673 c-0.315-0.315-0.51-0.615-0.673-1.035c-0.123-0.317-0.27-0.794-0.31-1.671C4.631,14.688,4.622,14.403,4.622,12 s0.009-2.688,0.052-3.637c0.04-0.877,0.187-1.354,0.31-1.671c0.163-0.42,0.358-0.72,0.673-1.035 c0.315-0.315,0.615-0.51,1.035-0.673c0.317-0.123,0.794-0.27,1.671-0.31C9.312,4.631,9.597,4.622,12,4.622 M12,3 C9.556,3,9.249,3.01,8.289,3.054C7.331,3.098,6.677,3.25,6.105,3.472C5.513,3.702,5.011,4.01,4.511,4.511 c-0.5,0.5-0.808,1.002-1.038,1.594C3.25,6.677,3.098,7.331,3.054,8.289C3.01,9.249,3,9.556,3,12c0,2.444,0.01,2.751,0.054,3.711 c0.044,0.958,0.196,1.612,0.418,2.185c0.23,0.592,0.538,1.094,1.038,1.594c0.5,0.5,1.002,0.808,1.594,1.038 c0.572,0.222,1.227,0.375,2.185,0.418C9.249,20.99,9.556,21,12,21s2.751-0.01,3.711-0.054c0.958-0.044,1.612-0.196,2.185-0.418 c0.592-0.23,1.094-0.538,1.594-1.038c0.5-0.5,0.808-1.002,1.038-1.594c0.222-0.572,0.375-1.227,0.418-2.185 C20.99,14.751,21,14.444,21,12s-0.01-2.751-0.054-3.711c-0.044-0.958-0.196-1.612-0.418-2.185c-0.23-0.592-0.538-1.094-1.038-1.594 c-0.5-0.5-1.002-0.808-1.594-1.038c-0.572-0.222-1.227-0.375-2.185-0.418C14.751,3.01,14.444,3,12,3L12,3z M12,7.378 c-2.552,0-4.622,2.069-4.622,4.622S9.448,16.622,12,16.622s4.622-2.069,4.622-4.622S14.552,7.378,12,7.378z M12,15 c-1.657,0-3-1.343-3-3s1.343-3,3-3s3,1.343,3,3S13.657,15,12,15z M16.804,6.116c-0.596,0-1.08,0.484-1.08,1.08 s0.484,1.08,1.08,1.08c0.596,0,1.08-0.484,1.08-1.08S17.401,6.116,16.804,6.116z\"><\/path><\/svg><span class=\"wp-block-social-link-label\">Instagram FHyCS<\/span><\/a><\/li><\/ul>\n<\/div>\n<\/div>\n\n\n\n<h2 class=\"wp-block-heading\">Propuesta de Carreras FHyCS &#8211; <em>Inscripciones a partir de Noviembre<\/em> <\/h2>\n\n\n\n<div class=\"wp-block-group alignwide is-layout-grid wp-container-core-group-is-layout-012ea3a0 wp-block-group-is-layout-grid\">\n<ul class=\"wp-block-list\">\n<li class=\"\"><strong>Bibliotecolog\u00eda<\/strong> &#8211; 3 a\u00f1os<\/li>\n\n\n\n<li class=\"\"><strong>Gu\u00eda de Turismo<\/strong> &#8211; 3 a\u00f1os<\/li>\n\n\n\n<li class=\"\"><strong>T\u00e9cnico en Comunicaci\u00f3n Social <\/strong>&#8211; 3 a\u00f1os<\/li>\n\n\n\n<li class=\"\"><strong>T\u00e9cnico en Investigaci\u00f3n Socio Econ\u00f3mica<\/strong> (TISE) &#8211; 3 a\u00f1os<\/li>\n\n\n\n<li class=\"\"><strong>Licenciatura en Antropolog\u00eda Social <\/strong>&#8211; 5 a\u00f1os<\/li>\n\n\n\n<li class=\"\"><strong>Licenciatura en Comunicaci\u00f3n Social <\/strong>&#8211; 5 a\u00f1os<\/li>\n\n\n\n<li class=\"\"><strong>Licenciatura en Historia <\/strong>&#8211; 5 a\u00f1os<\/li>\n\n\n\n<li class=\"\"><strong>Licenciatura en Letras<\/strong> &#8211; 5 a\u00f1os<\/li>\n<\/ul>\n\n\n\n<ul class=\"wp-block-list\">\n<li class=\"\"><strong>Licenciatura en Trabajo Social <\/strong>&#8211; 5 a\u00f1os<\/li>\n\n\n\n<li class=\"\"><strong>Licenciatura en Turismo<\/strong> &#8211; 5 a\u00f1os<\/li>\n\n\n\n<li class=\"\"><strong>Licenciatura en Bibliotecolog\u00eda<\/strong> &#8211; 4 a\u00f1os<\/li>\n\n\n\n<li class=\"\"><strong>Licenciatura en el Tratamiento y An\u00e1lisis de Datos para la Investigaci\u00f3n Socioecon\u00f3mica <\/strong>(LITADIS) &#8211; 5 a\u00f1os<\/li>\n\n\n\n<li class=\"\"><strong>Profesorado en Ciencias Econ\u00f3micas <\/strong>&#8211; 4 a\u00f1os<\/li>\n\n\n\n<li class=\"\"><strong>Profesorado en Educaci\u00f3n Especial <\/strong>&#8211; 4 a\u00f1os<\/li>\n\n\n\n<li class=\"\"><strong>Profesorado en Historia con Orientaci\u00f3n en Ciencias Sociales<\/strong> 4 a\u00f1os<\/li>\n\n\n\n<li class=\"\"><strong>Profesorado en Letras<\/strong> &#8211; 5 a\u00f1os<\/li>\n\n\n\n<li class=\"\"><strong>Profesorado en Portugu\u00e9s <\/strong>&#8211; 4 a\u00f1os<\/li>\n<\/ul>\n<\/div>\n\n\n\n<div class=\"wp-block-buttons is-content-justification-center is-layout-flex wp-container-core-buttons-is-layout-a89b3969 wp-block-buttons-is-layout-flex\">\n<div class=\"wp-block-button\"><a class=\"wp-block-button__link has-background wp-element-button\" href=\"https:\/\/www.fhycs.unam.edu.ar\/portada\/ingreso-2024\/\" style=\"border-radius:10px;background-color:#0066bf\" target=\"_blank\" rel=\"noreferrer noopener\">Ingreso FHyCS<\/a><\/div>\n<\/div>\n\n\n\n<hr class=\"wp-block-separator has-alpha-channel-opacity\"\/>\n","protected":false},"excerpt":{"rendered":"<p>La Facultad de Humanidades y Ciencias Sociales (FHyCS) de la Universidad Nacional de Misiones fue creada en 1980, siendo una de las unidades acad\u00e9micas fundadoras de la UNaM. Se destaca por su enfoque en disciplinas vinculadas a las ciencias sociales, humanidades, educaci\u00f3n y la comunicaci\u00f3n. A lo largo de su historia, ha impulsado una fuerte &hellip; <\/p>\n<p class=\"link-more\"><a href=\"https:\/\/hayfuturo.unam.edu.ar\/index.php\/fhycs\/\" class=\"more-link\">Read more<span class=\"screen-reader-text\"> &#8220;FHyCS&#8221;<\/span><\/a><\/p>\n","protected":false},"author":2,"featured_media":0,"parent":0,"menu_order":0,"comment_status":"closed","ping_status":"closed","template":"","meta":{"_advanced_animation_props":"{\"animations\":{\"fade-in\":{\"id\":\"fade-in\",\"name\":\"fade in\",\"keyframes\":{\"0%\":{\"transform\":{},\"opacity\":\"0%\"},\"100%\":{\"transform\":{},\"opacity\":\"100%\"}}},\"fade-in-left\":{\"id\":\"fade-in-left\",\"name\":\"fade in left\",\"keyframes\":{\"0%\":{\"transform\":{\"translateX\":\"50px\"},\"opacity\":\"0%\"},\"100%\":{\"transform\":{\"translateX\":\"0px\"},\"opacity\":\"100%\"}}},\"fade-in-right\":{\"id\":\"fade-in-right\",\"name\":\"fade in right\",\"keyframes\":{\"0%\":{\"transform\":{\"translateX\":\"-50px\"},\"opacity\":\"0%\"},\"100%\":{\"transform\":{\"translateX\":\"0px\"},\"opacity\":\"100%\"}}},\"fade-in-top\":{\"id\":\"fade-in-top\",\"name\":\"fade in top\",\"keyframes\":{\"0%\":{\"transform\":{\"translateY\":\"50px\"},\"opacity\":\"0%\"},\"100%\":{\"transform\":{\"translateY\":\"0px\"},\"opacity\":\"100%\"}}},\"fade-in-down\":{\"id\":\"fade-in-down\",\"name\":\"fade in down\",\"keyframes\":{\"0%\":{\"transform\":{\"translateY\":\"-50px\"},\"opacity\":\"0%\"},\"100%\":{\"transform\":{\"translateY\":\"0px\"},\"opacity\":\"100%\"}}},\"zoom-in\":{\"id\":\"zoom-in\",\"name\":\"zoom in\",\"keyframes\":{\"0%\":{\"transform\":{\"scale\":\"70%\"},\"opacity\":\"0%\"},\"100%\":{\"transform\":{\"scale\":\"100%\"},\"opacity\":\"100%\"}}},\"zoom-out\":{\"id\":\"zoom-out\",\"name\":\"zoom out\",\"keyframes\":{\"0%\":{\"transform\":{\"scale\":\"130%\"},\"opacity\":\"0%\"},\"100%\":{\"transform\":{\"scale\":\"100%\"},\"opacity\":\"100%\"}}},\"scale-up\":{\"id\":\"scale-up\",\"name\":\"scale up\",\"keyframes\":{\"0%\":{\"transform\":{\"scale\":\"100%\"}},\"100%\":{\"transform\":{\"scale\":\"120%\"}}}},\"scale-down\":{\"id\":\"scale-down\",\"name\":\"scale down\",\"keyframes\":{\"0%\":{\"transform\":{\"scale\":\"100%\"}},\"100%\":{\"transform\":{\"scale\":\"80%\"}}}},\"clip-from-left\":{\"id\":\"clip-from-left\",\"name\":\"reveal from left\",\"keyframes\":{\"0%\":{\"clip-path\":\"inset(0% 100% 0% 0%)\"},\"100%\":{\"clip-path\":\"inset(0% 0% 0% 0%)\"}}},\"clip-from-right\":{\"id\":\"clip-from-right\",\"name\":\"reveal from right\",\"keyframes\":{\"0%\":{\"clip-path\":\"inset(0% 0% 0% 100%)\"},\"100%\":{\"clip-path\":\"inset(0% 0% 0% 0%)\"}}},\"clip-from-top\":{\"id\":\"clip-from-top\",\"name\":\"reveal from top\",\"keyframes\":{\"0%\":{\"clip-path\":\"inset(0% 0% 100% 0%)\"},\"100%\":{\"clip-path\":\"inset(0% 0% 0% 0%)\"}}},\"clip-from-bottom\":{\"id\":\"clip-from-bottom\",\"name\":\"reveal from bottom\",\"keyframes\":{\"0%\":{\"clip-path\":\"inset(100% 0% 0% 0%)\"},\"100%\":{\"clip-path\":\"inset(0% 0% 0% 0%)\"}}},\"text-rotate-intro\":{\"id\":\"text-rotate-intro\",\"name\":\"text rotate intro\",\"keyframes\":{\"0%\":{\"transform\":{\"rotate\":\"-10deg\",\"rotateX\":\"75deg\",\"rotateY\":\"0deg\"},\"opacity\":\"0%\"},\"100%\":{\"transform\":{\"rotate\":\"0deg\",\"rotateX\":\"0deg\",\"rotateY\":\"0deg\"},\"opacity\":\"100%\"}}},\"zoom-rotate\":{\"id\":\"zoom-rotate\",\"name\":\"zoom rotate\",\"keyframes\":{\"0%\":{\"transform\":{\"rotate\":\"180deg\",\"scale\":\"50%\"},\"opacity\":\"0%\"},\"100%\":{\"transform\":{\"rotate\":\"0deg\",\"scale\":\"100%\"},\"opacity\":\"100%\"}}},\"move-up\":{\"id\":\"move-up\",\"name\":\"move up\",\"keyframes\":{\"0%\":{\"transform\":{\"translateY\":\"100%\"}},\"100%\":{\"transform\":{\"translateY\":\"0%\"}}}},\"move-down\":{\"id\":\"move-down\",\"name\":\"move down\",\"keyframes\":{\"0%\":{\"transform\":{\"translateY\":\"-100-%\"}},\"100%\":{\"transform\":{\"translateY\":\"0%\"}}}},\"video-app-intro\":{\"id\":\"video-app-intro\",\"name\":\"video app intro\",\"keyframes\":{\"0%\":{\"transform\":{\"translateX\":\"-300px\",\"scale\":\"300%\",\"rotate\":\"90deg\"}},\"50%\":{\"transform\":{\"translateX\":\"-300px\",\"scale\":\"100%\",\"rotate\":\"0deg\"}},\"100%\":{\"transform\":{\"translateX\":\"0px\",\"scale\":\"100%\",\"rotate\":\"0deg\"}}}}},\"settings\":{\"a4cb6835-d26e-4131-b6dc-6069cc1d9203\":{\"fade-in-right\":{\"selector\":true,\"triggerType\":\"onVisible\",\"triggerTarget\":[],\"triggerOnce\":true,\"reverseTarget\":[],\"easing\":\"ease-in-out\",\"duration\":1,\"delay\":0,\"iterationCount\":1,\"direction\":\"normal\"}},\"dc62de15-4e28-4dbb-8af7-bea136f032b7\":{\"fade-in-left\":{\"selector\":true,\"triggerType\":\"onVisible\",\"triggerTarget\":[],\"triggerOnce\":true,\"reverseTarget\":[],\"easing\":\"ease-in-out\",\"duration\":1,\"delay\":0,\"iterationCount\":1,\"direction\":\"normal\"}}}}","_moveable":"{}","_advanced_block_media_mapping":[],"footnotes":""},"class_list":["post-1277","page","type-page","status-publish","hentry"],"_links":{"self":[{"href":"https:\/\/hayfuturo.unam.edu.ar\/index.php\/wp-json\/wp\/v2\/pages\/1277","targetHints":{"allow":["GET"]}}],"collection":[{"href":"https:\/\/hayfuturo.unam.edu.ar\/index.php\/wp-json\/wp\/v2\/pages"}],"about":[{"href":"https:\/\/hayfuturo.unam.edu.ar\/index.php\/wp-json\/wp\/v2\/types\/page"}],"author":[{"embeddable":true,"href":"https:\/\/hayfuturo.unam.edu.ar\/index.php\/wp-json\/wp\/v2\/users\/2"}],"replies":[{"embeddable":true,"href":"https:\/\/hayfuturo.unam.edu.ar\/index.php\/wp-json\/wp\/v2\/comments?post=1277"}],"version-history":[{"count":39,"href":"https:\/\/hayfuturo.unam.edu.ar\/index.php\/wp-json\/wp\/v2\/pages\/1277\/revisions"}],"predecessor-version":[{"id":3414,"href":"https:\/\/hayfuturo.unam.edu.ar\/index.php\/wp-json\/wp\/v2\/pages\/1277\/revisions\/3414"}],"wp:attachment":[{"href":"https:\/\/hayfuturo.unam.edu.ar\/index.php\/wp-json\/wp\/v2\/media?parent=1277"}],"curies":[{"name":"wp","href":"https:\/\/api.w.org\/{rel}","templated":true}]}}