{"id":1287,"date":"2024-09-25T10:15:56","date_gmt":"2024-09-25T13:15:56","guid":{"rendered":"https:\/\/pistasdecarreras.unam.edu.ar\/?page_id=1287"},"modified":"2024-11-12T10:57:50","modified_gmt":"2024-11-12T13:57:50","slug":"fcf","status":"publish","type":"page","link":"https:\/\/hayfuturo.unam.edu.ar\/index.php\/fcf\/","title":{"rendered":"FCF"},"content":{"rendered":"\n<div class=\"wp-block-group is-layout-grid wp-container-core-group-is-layout-90834c91 wp-block-group-is-layout-grid\"><style> .animation-5302592d-bc75-4dd3-93ce-b035285277e8{transform:translateX(-50px);opacity:0%;}<\/style>\n<div data-scroll data-scroll-id=\"5302592d-bc75-4dd3-93ce-b035285277e8\" class=\"wp-block-group animation-5302592d-bc75-4dd3-93ce-b035285277e8 is-vertical is-layout-flex wp-container-core-group-is-layout-fe9cc265 wp-block-group-is-layout-flex\">\n<figure class=\"wp-block-image size-full is-resized\"><a href=\"https:\/\/www.fcf.unam.edu.ar\/la-facultad\/secretarias\/academica\/ingresantes\/\" target=\"_blank\" rel=\"noreferrer noopener\"><img fetchpriority=\"high\" decoding=\"async\" width=\"471\" height=\"212\" src=\"https:\/\/hayfuturo.unam.edu.ar\/wp-content\/uploads\/2024\/11\/Boton-sitio-FCF.png\" alt=\"\" class=\"wp-image-2702\" style=\"width:400px;height:auto\" srcset=\"https:\/\/hayfuturo.unam.edu.ar\/wp-content\/uploads\/2024\/11\/Boton-sitio-FCF.png 471w, https:\/\/hayfuturo.unam.edu.ar\/wp-content\/uploads\/2024\/11\/Boton-sitio-FCF-300x135.png 300w\" sizes=\"(max-width: 471px) 100vw, 471px\" \/><\/a><\/figure>\n<\/div>\n\n\n<style> .animation-4215a810-97a3-45c4-a458-02adb6f59678{transform:translateX(50px);opacity:0%;}<\/style>\n<div data-scroll data-scroll-id=\"4215a810-97a3-45c4-a458-02adb6f59678\" class=\"wp-block-group animation-4215a810-97a3-45c4-a458-02adb6f59678 is-vertical is-layout-flex wp-container-core-group-is-layout-fe9cc265 wp-block-group-is-layout-flex\">\n<p class=\"\">La Facultad de Ciencias Forestales (FCF) de la Universidad Nacional de Misiones, ubicada en Eldorado, fue fundada en 1974. Su creaci\u00f3n respondi\u00f3 a la necesidad de formaci\u00f3n de profesionales con una visi\u00f3n global de conocimiento en distintas \u00e1reas, a trav\u00e9s de un proyecto educativo amplio, inspirado en la realidad socio-productiva de la regi\u00f3n.<\/p>\n\n\n\n<p class=\"\">Nos caracterizamos por la b\u00fasqueda permanente de la excelencia en la formaci\u00f3n de profesionales comprometidos con el medio ambiente, la sustentabilidad, la investigaci\u00f3n tecnol\u00f3gica de vanguardia y con capacidad de desempe\u00f1arse como actores del desarrollo en \u00e1mbitos diversos.<\/p>\n<\/div>\n<\/div>\n\n\n\n<div class=\"wp-block-group is-layout-grid wp-container-core-group-is-layout-a46246a7 wp-block-group-is-layout-grid\">\n<figure class=\"wp-block-image aligncenter size-large is-resized\"><img decoding=\"async\" width=\"699\" height=\"1024\" src=\"https:\/\/hayfuturo.unam.edu.ar\/wp-content\/uploads\/2024\/11\/Texto-del-parrafo-699x1024.png\" alt=\"\" class=\"wp-image-2215\" style=\"width:387px;height:auto\" srcset=\"https:\/\/hayfuturo.unam.edu.ar\/wp-content\/uploads\/2024\/11\/Texto-del-parrafo-699x1024.png 699w, https:\/\/hayfuturo.unam.edu.ar\/wp-content\/uploads\/2024\/11\/Texto-del-parrafo-205x300.png 205w, https:\/\/hayfuturo.unam.edu.ar\/wp-content\/uploads\/2024\/11\/Texto-del-parrafo.png 1014w\" sizes=\"(max-width: 699px) 100vw, 699px\" \/><\/figure>\n\n\n\n<div class=\"wp-block-group has-global-padding is-layout-constrained wp-block-group-is-layout-constrained\">\n<p class=\"\"><strong>REQUISITOS PARA PREINSCRIBIRTE<\/strong><br>Las preinscripciones de la Facultad de Ciencias Forestales se encuentran abiertas, esta&nbsp; primera etapa del tr\u00e1mite se realizar\u00e1 de manera totalmente online:<br><br>1. Esta preinscripci\u00f3n requiere que cada ingresante cuente con un correo electr\u00f3nico e indique datos personales y de su trayectoria escolar, adem\u00e1s de la elecci\u00f3n de la carrera a seguir.<\/p>\n\n\n\n<p class=\"wp-container-content-69bc4bdf\"><strong>Documentos a entregar a partir del 1 de diciembre \/ <\/strong><strong>Preinscripciones disponibles hasta el 14 de febrero.<\/strong><\/p>\n\n\n\n<div class=\"wp-block-buttons is-layout-flex wp-block-buttons-is-layout-flex\">\n<div class=\"wp-block-button\"><a class=\"wp-block-button__link has-background wp-element-button\" href=\"https:\/\/www.fcf.unam.edu.ar\/la-facultad\/secretarias\/academica\/ingresantes\/\" style=\"border-radius:10px;background-color:#0066bf\" target=\"_blank\" rel=\"noreferrer noopener\">+Info Ingresantes FCF<\/a><\/div>\n<\/div>\n\n\n\n<figure class=\"wp-block-embed is-type-video is-provider-youtube wp-block-embed-youtube wp-embed-aspect-16-9 wp-has-aspect-ratio\"><div class=\"wp-block-embed__wrapper\">\n<iframe title=\"Bruno - Facultad de Ciencias Forestales\" width=\"950\" height=\"534\" src=\"https:\/\/www.youtube.com\/embed\/m7aSom5oVU0?feature=oembed\" frameborder=\"0\" allow=\"accelerometer; autoplay; clipboard-write; encrypted-media; gyroscope; picture-in-picture; web-share\" referrerpolicy=\"strict-origin-when-cross-origin\" allowfullscreen><\/iframe>\n<\/div><\/figure>\n<\/div>\n<\/div>\n\n\n\n<p class=\"\"><strong>La Tecnicatura Universitaria Guardaparque <\/strong>(SAN PEDRO) tiene como&nbsp; fecha l\u00edmite para la <em>preinscripci\u00f3n&nbsp; el 10 de diciembre.<\/em><\/p>\n\n\n\n<div class=\"wp-block-group is-layout-grid wp-container-core-group-is-layout-a46246a7 wp-block-group-is-layout-grid\">\n<figure class=\"wp-block-image size-full is-resized\"><a href=\"https:\/\/www.fcf.unam.edu.ar\/la-facultad\/secretarias\/academica\/ingresantes\/\" target=\"_blank\" rel=\"noreferrer noopener\"><img decoding=\"async\" width=\"472\" height=\"212\" src=\"https:\/\/hayfuturo.unam.edu.ar\/wp-content\/uploads\/2024\/11\/Boton-sitio-FCF-San-Pedro.png\" alt=\"\" class=\"wp-image-2703\" style=\"width:357px;height:auto\" srcset=\"https:\/\/hayfuturo.unam.edu.ar\/wp-content\/uploads\/2024\/11\/Boton-sitio-FCF-San-Pedro.png 472w, https:\/\/hayfuturo.unam.edu.ar\/wp-content\/uploads\/2024\/11\/Boton-sitio-FCF-San-Pedro-300x135.png 300w\" sizes=\"(max-width: 472px) 100vw, 472px\" \/><\/a><\/figure>\n\n\n\n<p class=\"\">A partir del 1 de diciembre al 16 de diciembre de 2024 y a partir del 5 de febrero de 2025, los\/as ingresantes a carreras de car\u00e1cter presencial deber\u00e1n presentar la documentaci\u00f3n detallada a continuaci\u00f3n de manera personal en la sede donde cursar\u00e1n la carrera seleccionada.<\/p>\n<\/div>\n","protected":false},"excerpt":{"rendered":"<p>La Facultad de Ciencias Forestales (FCF) de la Universidad Nacional de Misiones, ubicada en Eldorado, fue fundada en 1974. Su creaci\u00f3n respondi\u00f3 a la necesidad de formaci\u00f3n de profesionales con una visi\u00f3n global de conocimiento en distintas \u00e1reas, a trav\u00e9s de un proyecto educativo amplio, inspirado en la realidad socio-productiva de la regi\u00f3n. Nos caracterizamos &hellip; <\/p>\n<p class=\"link-more\"><a href=\"https:\/\/hayfuturo.unam.edu.ar\/index.php\/fcf\/\" class=\"more-link\">Read more<span class=\"screen-reader-text\"> &#8220;FCF&#8221;<\/span><\/a><\/p>\n","protected":false},"author":2,"featured_media":0,"parent":0,"menu_order":0,"comment_status":"closed","ping_status":"closed","template":"","meta":{"_advanced_animation_props":"{\"animations\":{\"fade-in\":{\"id\":\"fade-in\",\"name\":\"fade in\",\"keyframes\":{\"0%\":{\"transform\":{},\"opacity\":\"0%\"},\"100%\":{\"transform\":{},\"opacity\":\"100%\"}}},\"fade-in-left\":{\"id\":\"fade-in-left\",\"name\":\"fade in left\",\"keyframes\":{\"0%\":{\"transform\":{\"translateX\":\"50px\"},\"opacity\":\"0%\"},\"100%\":{\"transform\":{\"translateX\":\"0px\"},\"opacity\":\"100%\"}}},\"fade-in-right\":{\"id\":\"fade-in-right\",\"name\":\"fade in right\",\"keyframes\":{\"0%\":{\"transform\":{\"translateX\":\"-50px\"},\"opacity\":\"0%\"},\"100%\":{\"transform\":{\"translateX\":\"0px\"},\"opacity\":\"100%\"}}},\"fade-in-top\":{\"id\":\"fade-in-top\",\"name\":\"fade in top\",\"keyframes\":{\"0%\":{\"transform\":{\"translateY\":\"50px\"},\"opacity\":\"0%\"},\"100%\":{\"transform\":{\"translateY\":\"0px\"},\"opacity\":\"100%\"}}},\"fade-in-down\":{\"id\":\"fade-in-down\",\"name\":\"fade in down\",\"keyframes\":{\"0%\":{\"transform\":{\"translateY\":\"-50px\"},\"opacity\":\"0%\"},\"100%\":{\"transform\":{\"translateY\":\"0px\"},\"opacity\":\"100%\"}}},\"zoom-in\":{\"id\":\"zoom-in\",\"name\":\"zoom in\",\"keyframes\":{\"0%\":{\"transform\":{\"scale\":\"70%\"},\"opacity\":\"0%\"},\"100%\":{\"transform\":{\"scale\":\"100%\"},\"opacity\":\"100%\"}}},\"zoom-out\":{\"id\":\"zoom-out\",\"name\":\"zoom out\",\"keyframes\":{\"0%\":{\"transform\":{\"scale\":\"130%\"},\"opacity\":\"0%\"},\"100%\":{\"transform\":{\"scale\":\"100%\"},\"opacity\":\"100%\"}}},\"scale-up\":{\"id\":\"scale-up\",\"name\":\"scale up\",\"keyframes\":{\"0%\":{\"transform\":{\"scale\":\"100%\"}},\"100%\":{\"transform\":{\"scale\":\"120%\"}}}},\"scale-down\":{\"id\":\"scale-down\",\"name\":\"scale down\",\"keyframes\":{\"0%\":{\"transform\":{\"scale\":\"100%\"}},\"100%\":{\"transform\":{\"scale\":\"80%\"}}}},\"clip-from-left\":{\"id\":\"clip-from-left\",\"name\":\"reveal from left\",\"keyframes\":{\"0%\":{\"clip-path\":\"inset(0% 100% 0% 0%)\"},\"100%\":{\"clip-path\":\"inset(0% 0% 0% 0%)\"}}},\"clip-from-right\":{\"id\":\"clip-from-right\",\"name\":\"reveal from right\",\"keyframes\":{\"0%\":{\"clip-path\":\"inset(0% 0% 0% 100%)\"},\"100%\":{\"clip-path\":\"inset(0% 0% 0% 0%)\"}}},\"clip-from-top\":{\"id\":\"clip-from-top\",\"name\":\"reveal from top\",\"keyframes\":{\"0%\":{\"clip-path\":\"inset(0% 0% 100% 0%)\"},\"100%\":{\"clip-path\":\"inset(0% 0% 0% 0%)\"}}},\"clip-from-bottom\":{\"id\":\"clip-from-bottom\",\"name\":\"reveal from bottom\",\"keyframes\":{\"0%\":{\"clip-path\":\"inset(100% 0% 0% 0%)\"},\"100%\":{\"clip-path\":\"inset(0% 0% 0% 0%)\"}}},\"text-rotate-intro\":{\"id\":\"text-rotate-intro\",\"name\":\"text rotate intro\",\"keyframes\":{\"0%\":{\"transform\":{\"rotate\":\"-10deg\",\"rotateX\":\"75deg\",\"rotateY\":\"0deg\"},\"opacity\":\"0%\"},\"100%\":{\"transform\":{\"rotate\":\"0deg\",\"rotateX\":\"0deg\",\"rotateY\":\"0deg\"},\"opacity\":\"100%\"}}},\"zoom-rotate\":{\"id\":\"zoom-rotate\",\"name\":\"zoom rotate\",\"keyframes\":{\"0%\":{\"transform\":{\"rotate\":\"180deg\",\"scale\":\"50%\"},\"opacity\":\"0%\"},\"100%\":{\"transform\":{\"rotate\":\"0deg\",\"scale\":\"100%\"},\"opacity\":\"100%\"}}},\"move-up\":{\"id\":\"move-up\",\"name\":\"move up\",\"keyframes\":{\"0%\":{\"transform\":{\"translateY\":\"100%\"}},\"100%\":{\"transform\":{\"translateY\":\"0%\"}}}},\"move-down\":{\"id\":\"move-down\",\"name\":\"move down\",\"keyframes\":{\"0%\":{\"transform\":{\"translateY\":\"-100-%\"}},\"100%\":{\"transform\":{\"translateY\":\"0%\"}}}},\"video-app-intro\":{\"id\":\"video-app-intro\",\"name\":\"video app intro\",\"keyframes\":{\"0%\":{\"transform\":{\"translateX\":\"-300px\",\"scale\":\"300%\",\"rotate\":\"90deg\"}},\"50%\":{\"transform\":{\"translateX\":\"-300px\",\"scale\":\"100%\",\"rotate\":\"0deg\"}},\"100%\":{\"transform\":{\"translateX\":\"0px\",\"scale\":\"100%\",\"rotate\":\"0deg\"}}}}},\"settings\":{\"5302592d-bc75-4dd3-93ce-b035285277e8\":{\"fade-in-right\":{\"selector\":true,\"triggerType\":\"onVisible\",\"triggerTarget\":[],\"triggerOnce\":true,\"reverseTarget\":[],\"easing\":\"ease-in-out\",\"duration\":1,\"delay\":0,\"iterationCount\":1,\"direction\":\"normal\"}},\"4215a810-97a3-45c4-a458-02adb6f59678\":{\"fade-in-left\":{\"selector\":true,\"triggerType\":\"onVisible\",\"triggerTarget\":[],\"triggerOnce\":true,\"reverseTarget\":[],\"easing\":\"ease-in-out\",\"duration\":1,\"delay\":0,\"iterationCount\":1,\"direction\":\"normal\"}}}}","_moveable":"{}","_advanced_block_media_mapping":[],"footnotes":""},"class_list":["post-1287","page","type-page","status-publish","hentry"],"_links":{"self":[{"href":"https:\/\/hayfuturo.unam.edu.ar\/index.php\/wp-json\/wp\/v2\/pages\/1287","targetHints":{"allow":["GET"]}}],"collection":[{"href":"https:\/\/hayfuturo.unam.edu.ar\/index.php\/wp-json\/wp\/v2\/pages"}],"about":[{"href":"https:\/\/hayfuturo.unam.edu.ar\/index.php\/wp-json\/wp\/v2\/types\/page"}],"author":[{"embeddable":true,"href":"https:\/\/hayfuturo.unam.edu.ar\/index.php\/wp-json\/wp\/v2\/users\/2"}],"replies":[{"embeddable":true,"href":"https:\/\/hayfuturo.unam.edu.ar\/index.php\/wp-json\/wp\/v2\/comments?post=1287"}],"version-history":[{"count":38,"href":"https:\/\/hayfuturo.unam.edu.ar\/index.php\/wp-json\/wp\/v2\/pages\/1287\/revisions"}],"predecessor-version":[{"id":2710,"href":"https:\/\/hayfuturo.unam.edu.ar\/index.php\/wp-json\/wp\/v2\/pages\/1287\/revisions\/2710"}],"wp:attachment":[{"href":"https:\/\/hayfuturo.unam.edu.ar\/index.php\/wp-json\/wp\/v2\/media?parent=1287"}],"curies":[{"name":"wp","href":"https:\/\/api.w.org\/{rel}","templated":true}]}}